{"id":137,"date":"2022-04-20T23:44:59","date_gmt":"2022-04-20T21:44:59","guid":{"rendered":"http:\/\/cech-toul.cz\/?page_id=137"},"modified":"2022-11-06T11:37:51","modified_gmt":"2022-11-06T10:37:51","slug":"nahrada-skody","status":"publish","type":"page","link":"https:\/\/cech-toul.cz\/?page_id=137","title":{"rendered":"N\u00e1hrada \u0161kody"},"content":{"rendered":"\n<p>V r\u00e1mci na\u0161\u00ed komplexn\u00ed agendy se v\u011bnujeme i \u0161kod\u00e1m na zdrav\u00ed a majetku zp\u016fsoben\u00fdm nap\u0159. pochyben\u00edm l\u00e9ka\u0159\u016f, dopravn\u00ed nehodou, trestn\u00fdm \u010dinem apod. V r\u00e1mci na\u0161\u00ed \u010dinnosti zaji\u0165\u0161ujeme n\u00e1hradu v\u0161ech \u0161kod, kter\u00e9 V\u00e1m v souvislosti se \u0161kodou na zdrav\u00ed vznikly. Jejich \u00fapln\u00fd v\u00fd\u010det je v\u017edy zna\u010dn\u011b individu\u00e1ln\u00ed, zahrnuje zejm\u00e9na bolestn\u00e9 a zt\u00ed\u017een\u00ed spole\u010densk\u00e9ho uplatn\u011bn\u00ed, u\u0161lou mzdu, u\u0161l\u00fd zisk, n\u00e1klady vynalo\u017een\u00e9 v souvislosti s l\u00e9\u010den\u00edm, n\u00e1roky vznikl\u00e9 Va\u0161im bl\u00edzk\u00fdm, atd.<\/p>\n","protected":false},"excerpt":{"rendered":"<p>V r\u00e1mci na\u0161\u00ed komplexn\u00ed agendy se v\u011bnujeme i \u0161kod\u00e1m na zdrav\u00ed a majetku zp\u016fsoben\u00fdm nap\u0159. pochyben\u00edm l\u00e9ka\u0159\u016f, dopravn\u00ed nehodou, trestn\u00fdm \u010dinem apod. V r\u00e1mci na\u0161\u00ed \u010dinnosti zaji\u0165\u0161ujeme n\u00e1hradu v\u0161ech \u0161kod, kter\u00e9 V\u00e1m v souvislosti se \u0161kodou na zdrav\u00ed vznikly. Jejich \u00fapln\u00fd v\u00fd\u010det je v\u017edy zna\u010dn\u011b individu\u00e1ln\u00ed, zahrnuje zejm\u00e9na bolestn\u00e9 a zt\u00ed\u017een\u00ed spole\u010densk\u00e9ho uplatn\u011bn\u00ed, u\u0161lou mzdu, &hellip; <\/p>\n<p class=\"link-more\"><a href=\"https:\/\/cech-toul.cz\/?page_id=137\" class=\"more-link\">Pokra\u010dovat ve \u010dten\u00ed<span class=\"screen-reader-text\"> &#8222;N\u00e1hrada \u0161kody&#8220;<\/span><\/a><\/p>\n","protected":false},"author":1,"featured_media":170,"parent":0,"menu_order":0,"comment_status":"closed","ping_status":"closed","template":"","meta":{"footnotes":""},"class_list":["post-137","page","type-page","status-publish","has-post-thumbnail","hentry"],"_links":{"self":[{"href":"https:\/\/cech-toul.cz\/index.php?rest_route=\/wp\/v2\/pages\/137","targetHints":{"allow":["GET"]}}],"collection":[{"href":"https:\/\/cech-toul.cz\/index.php?rest_route=\/wp\/v2\/pages"}],"about":[{"href":"https:\/\/cech-toul.cz\/index.php?rest_route=\/wp\/v2\/types\/page"}],"author":[{"embeddable":true,"href":"https:\/\/cech-toul.cz\/index.php?rest_route=\/wp\/v2\/users\/1"}],"replies":[{"embeddable":true,"href":"https:\/\/cech-toul.cz\/index.php?rest_route=%2Fwp%2Fv2%2Fcomments&post=137"}],"version-history":[{"count":1,"href":"https:\/\/cech-toul.cz\/index.php?rest_route=\/wp\/v2\/pages\/137\/revisions"}],"predecessor-version":[{"id":138,"href":"https:\/\/cech-toul.cz\/index.php?rest_route=\/wp\/v2\/pages\/137\/revisions\/138"}],"wp:featuredmedia":[{"embeddable":true,"href":"https:\/\/cech-toul.cz\/index.php?rest_route=\/wp\/v2\/media\/170"}],"wp:attachment":[{"href":"https:\/\/cech-toul.cz\/index.php?rest_route=%2Fwp%2Fv2%2Fmedia&parent=137"}],"curies":[{"name":"wp","href":"https:\/\/api.w.org\/{rel}","templated":true}]}}