{"id":135,"date":"2022-04-20T23:44:12","date_gmt":"2022-04-20T21:44:12","guid":{"rendered":"http:\/\/cech-toul.cz\/?page_id=135"},"modified":"2022-11-06T11:38:58","modified_gmt":"2022-11-06T10:38:58","slug":"pracovni-pravo","status":"publish","type":"page","link":"https:\/\/cech-toul.cz\/?page_id=135","title":{"rendered":"Pracovn\u00ed pr\u00e1vo"},"content":{"rendered":"\n<p>Pr\u00e1vn\u00ed poradenstv\u00ed v oblasti pracovn\u00edho pr\u00e1va. Zejm\u00e9na p\u0159\u00edprava \u010di revize pracovn\u011bpr\u00e1vn\u00edch dokument\u016f. Poradenstv\u00ed v oblasti problematiky rozvazov\u00e1n\u00ed pracovn\u00edho pom\u011bru z pohledu zam\u011bstnavatele \u010di zam\u011bstnance. Odm\u011b\u0148ov\u00e1n\u00ed zam\u011bstnanc\u016f. Pracovn\u00ed \u00farazy a jejich uplatn\u011bn\u00ed u zam\u011bstnavatele. Pr\u00e1vn\u00ed poradenstv\u00ed p\u0159i p\u0159edch\u00e1zen\u00ed \u0161kod\u00e1m &#8211; zejm\u00e9na sankc\u00edm ze strany inspektor\u00e1tu pr\u00e1ce \u010di jin\u00fdch spr\u00e1vn\u00edch org\u00e1n\u016f.<\/p>\n","protected":false},"excerpt":{"rendered":"<p>Pr\u00e1vn\u00ed poradenstv\u00ed v oblasti pracovn\u00edho pr\u00e1va. Zejm\u00e9na p\u0159\u00edprava \u010di revize pracovn\u011bpr\u00e1vn\u00edch dokument\u016f. Poradenstv\u00ed v oblasti problematiky rozvazov\u00e1n\u00ed pracovn\u00edho pom\u011bru z pohledu zam\u011bstnavatele \u010di zam\u011bstnance. Odm\u011b\u0148ov\u00e1n\u00ed zam\u011bstnanc\u016f. Pracovn\u00ed \u00farazy a jejich uplatn\u011bn\u00ed u zam\u011bstnavatele. Pr\u00e1vn\u00ed poradenstv\u00ed p\u0159i p\u0159edch\u00e1zen\u00ed \u0161kod\u00e1m &#8211; zejm\u00e9na sankc\u00edm ze strany inspektor\u00e1tu pr\u00e1ce \u010di jin\u00fdch spr\u00e1vn\u00edch org\u00e1n\u016f.<\/p>\n","protected":false},"author":1,"featured_media":170,"parent":0,"menu_order":0,"comment_status":"closed","ping_status":"closed","template":"","meta":{"footnotes":""},"class_list":["post-135","page","type-page","status-publish","has-post-thumbnail","hentry"],"_links":{"self":[{"href":"https:\/\/cech-toul.cz\/index.php?rest_route=\/wp\/v2\/pages\/135","targetHints":{"allow":["GET"]}}],"collection":[{"href":"https:\/\/cech-toul.cz\/index.php?rest_route=\/wp\/v2\/pages"}],"about":[{"href":"https:\/\/cech-toul.cz\/index.php?rest_route=\/wp\/v2\/types\/page"}],"author":[{"embeddable":true,"href":"https:\/\/cech-toul.cz\/index.php?rest_route=\/wp\/v2\/users\/1"}],"replies":[{"embeddable":true,"href":"https:\/\/cech-toul.cz\/index.php?rest_route=%2Fwp%2Fv2%2Fcomments&post=135"}],"version-history":[{"count":1,"href":"https:\/\/cech-toul.cz\/index.php?rest_route=\/wp\/v2\/pages\/135\/revisions"}],"predecessor-version":[{"id":136,"href":"https:\/\/cech-toul.cz\/index.php?rest_route=\/wp\/v2\/pages\/135\/revisions\/136"}],"wp:featuredmedia":[{"embeddable":true,"href":"https:\/\/cech-toul.cz\/index.php?rest_route=\/wp\/v2\/media\/170"}],"wp:attachment":[{"href":"https:\/\/cech-toul.cz\/index.php?rest_route=%2Fwp%2Fv2%2Fmedia&parent=135"}],"curies":[{"name":"wp","href":"https:\/\/api.w.org\/{rel}","templated":true}]}}