{"id":133,"date":"2022-04-20T23:43:17","date_gmt":"2022-04-20T21:43:17","guid":{"rendered":"http:\/\/cech-toul.cz\/?page_id=133"},"modified":"2022-11-06T11:39:14","modified_gmt":"2022-11-06T10:39:14","slug":"sporna-agenda","status":"publish","type":"page","link":"https:\/\/cech-toul.cz\/?page_id=133","title":{"rendered":"Sporn\u00e1 agenda"},"content":{"rendered":"\n<p>Zastupov\u00e1n\u00ed v \u0159\u00edzen\u00ed p\u0159ed obecn\u00fdmi soudy \u010di v rozhod\u010d\u00edch \u0159\u00edzen\u00edch. Anal\u00fdza postaven\u00ed \u00fa\u010dastn\u00edk\u016f. Mimosoudn\u00ed \u0159e\u0161en\u00ed spor\u016f. Zastupov\u00e1n\u00ed v \u0159\u00edzen\u00ed o vym\u00e1h\u00e1n\u00ed n\u00e1rok\u016f z titulu n\u00e1hrady \u0161kody proti st\u00e1tu. Vym\u00e1h\u00e1n\u00ed pohled\u00e1vek.<\/p>\n","protected":false},"excerpt":{"rendered":"<p>Zastupov\u00e1n\u00ed v \u0159\u00edzen\u00ed p\u0159ed obecn\u00fdmi soudy \u010di v rozhod\u010d\u00edch \u0159\u00edzen\u00edch. Anal\u00fdza postaven\u00ed \u00fa\u010dastn\u00edk\u016f. Mimosoudn\u00ed \u0159e\u0161en\u00ed spor\u016f. Zastupov\u00e1n\u00ed v \u0159\u00edzen\u00ed o vym\u00e1h\u00e1n\u00ed n\u00e1rok\u016f z titulu n\u00e1hrady \u0161kody proti st\u00e1tu. Vym\u00e1h\u00e1n\u00ed pohled\u00e1vek.<\/p>\n","protected":false},"author":1,"featured_media":170,"parent":0,"menu_order":0,"comment_status":"closed","ping_status":"closed","template":"","meta":{"footnotes":""},"class_list":["post-133","page","type-page","status-publish","has-post-thumbnail","hentry"],"_links":{"self":[{"href":"https:\/\/cech-toul.cz\/index.php?rest_route=\/wp\/v2\/pages\/133","targetHints":{"allow":["GET"]}}],"collection":[{"href":"https:\/\/cech-toul.cz\/index.php?rest_route=\/wp\/v2\/pages"}],"about":[{"href":"https:\/\/cech-toul.cz\/index.php?rest_route=\/wp\/v2\/types\/page"}],"author":[{"embeddable":true,"href":"https:\/\/cech-toul.cz\/index.php?rest_route=\/wp\/v2\/users\/1"}],"replies":[{"embeddable":true,"href":"https:\/\/cech-toul.cz\/index.php?rest_route=%2Fwp%2Fv2%2Fcomments&post=133"}],"version-history":[{"count":1,"href":"https:\/\/cech-toul.cz\/index.php?rest_route=\/wp\/v2\/pages\/133\/revisions"}],"predecessor-version":[{"id":134,"href":"https:\/\/cech-toul.cz\/index.php?rest_route=\/wp\/v2\/pages\/133\/revisions\/134"}],"wp:featuredmedia":[{"embeddable":true,"href":"https:\/\/cech-toul.cz\/index.php?rest_route=\/wp\/v2\/media\/170"}],"wp:attachment":[{"href":"https:\/\/cech-toul.cz\/index.php?rest_route=%2Fwp%2Fv2%2Fmedia&parent=133"}],"curies":[{"name":"wp","href":"https:\/\/api.w.org\/{rel}","templated":true}]}}