{"id":129,"date":"2022-04-20T23:39:59","date_gmt":"2022-04-20T21:39:59","guid":{"rendered":"http:\/\/cech-toul.cz\/?page_id=129"},"modified":"2022-11-06T11:39:32","modified_gmt":"2022-11-06T10:39:32","slug":"spravni-pravo","status":"publish","type":"page","link":"https:\/\/cech-toul.cz\/?page_id=129","title":{"rendered":"Spr\u00e1vn\u00ed pr\u00e1vo"},"content":{"rendered":"\n<p>Zastupov\u00e1n\u00ed ve spr\u00e1vn\u00edm \u0159\u00edzen\u00ed. Komplexn\u00ed pr\u00e1vn\u00ed zastoupen\u00ed p\u0159i \u017ealob\u011b proti rozhodnut\u00ed spr\u00e1vn\u00edho org\u00e1nu. Zastupov\u00e1n\u00ed v \u0159\u00edzen\u00ed p\u0159ed katastr\u00e1ln\u00edmi \u00fa\u0159ady. Jedn\u00e1n\u00ed s org\u00e1ny ve\u0159ejn\u00e9 spr\u00e1vy. Poskytujeme i pr\u00e1vn\u00ed poradenstv\u00ed v p\u0159\u00edpad\u011b n\u00e1hrady \u0161kody zp\u016fsoben\u00e9 nespr\u00e1vn\u00fdm \u00fa\u0159edn\u00edm postupem spr\u00e1vn\u00edho org\u00e1nu \u010di jeho nez\u00e1konn\u00fdm rozhodnut\u00edm.<\/p>\n","protected":false},"excerpt":{"rendered":"<p>Zastupov\u00e1n\u00ed ve spr\u00e1vn\u00edm \u0159\u00edzen\u00ed. Komplexn\u00ed pr\u00e1vn\u00ed zastoupen\u00ed p\u0159i \u017ealob\u011b proti rozhodnut\u00ed spr\u00e1vn\u00edho org\u00e1nu. Zastupov\u00e1n\u00ed v \u0159\u00edzen\u00ed p\u0159ed katastr\u00e1ln\u00edmi \u00fa\u0159ady. Jedn\u00e1n\u00ed s org\u00e1ny ve\u0159ejn\u00e9 spr\u00e1vy. Poskytujeme i pr\u00e1vn\u00ed poradenstv\u00ed v p\u0159\u00edpad\u011b n\u00e1hrady \u0161kody zp\u016fsoben\u00e9 nespr\u00e1vn\u00fdm \u00fa\u0159edn\u00edm postupem spr\u00e1vn\u00edho org\u00e1nu \u010di jeho nez\u00e1konn\u00fdm rozhodnut\u00edm.<\/p>\n","protected":false},"author":1,"featured_media":170,"parent":0,"menu_order":0,"comment_status":"closed","ping_status":"closed","template":"","meta":{"footnotes":""},"class_list":["post-129","page","type-page","status-publish","has-post-thumbnail","hentry"],"_links":{"self":[{"href":"https:\/\/cech-toul.cz\/index.php?rest_route=\/wp\/v2\/pages\/129","targetHints":{"allow":["GET"]}}],"collection":[{"href":"https:\/\/cech-toul.cz\/index.php?rest_route=\/wp\/v2\/pages"}],"about":[{"href":"https:\/\/cech-toul.cz\/index.php?rest_route=\/wp\/v2\/types\/page"}],"author":[{"embeddable":true,"href":"https:\/\/cech-toul.cz\/index.php?rest_route=\/wp\/v2\/users\/1"}],"replies":[{"embeddable":true,"href":"https:\/\/cech-toul.cz\/index.php?rest_route=%2Fwp%2Fv2%2Fcomments&post=129"}],"version-history":[{"count":1,"href":"https:\/\/cech-toul.cz\/index.php?rest_route=\/wp\/v2\/pages\/129\/revisions"}],"predecessor-version":[{"id":130,"href":"https:\/\/cech-toul.cz\/index.php?rest_route=\/wp\/v2\/pages\/129\/revisions\/130"}],"wp:featuredmedia":[{"embeddable":true,"href":"https:\/\/cech-toul.cz\/index.php?rest_route=\/wp\/v2\/media\/170"}],"wp:attachment":[{"href":"https:\/\/cech-toul.cz\/index.php?rest_route=%2Fwp%2Fv2%2Fmedia&parent=129"}],"curies":[{"name":"wp","href":"https:\/\/api.w.org\/{rel}","templated":true}]}}