{"id":127,"date":"2022-04-20T23:30:55","date_gmt":"2022-04-20T21:30:55","guid":{"rendered":"http:\/\/cech-toul.cz\/?page_id=127"},"modified":"2022-11-06T11:39:56","modified_gmt":"2022-11-06T10:39:56","slug":"trestni-pravo","status":"publish","type":"page","link":"https:\/\/cech-toul.cz\/?page_id=127","title":{"rendered":"Trestn\u00ed pr\u00e1vo"},"content":{"rendered":"\n<p>Komplexn\u00ed pr\u00e1vn\u00ed poradenstv\u00ed v trestn\u00edm \u0159\u00edzen\u00ed. Sepisov\u00e1n\u00ed trestn\u00edch ozn\u00e1men\u00ed. Obhajoba pr\u00e1vnick\u00fdch i fyzick\u00fdch osob v trestn\u00edm \u0159\u00edzen\u00ed. Zastupov\u00e1n\u00ed po\u0161kozen\u00fdch v trestn\u00edm \u0159\u00edzen\u00ed a vym\u00e1h\u00e1n\u00ed \u0161kody zp\u016fsoben\u00e9 pachatelem trestn\u00e9ho \u010dinu.<\/p>\n","protected":false},"excerpt":{"rendered":"<p>Komplexn\u00ed pr\u00e1vn\u00ed poradenstv\u00ed v trestn\u00edm \u0159\u00edzen\u00ed. Sepisov\u00e1n\u00ed trestn\u00edch ozn\u00e1men\u00ed. Obhajoba pr\u00e1vnick\u00fdch i fyzick\u00fdch osob v trestn\u00edm \u0159\u00edzen\u00ed. Zastupov\u00e1n\u00ed po\u0161kozen\u00fdch v trestn\u00edm \u0159\u00edzen\u00ed a vym\u00e1h\u00e1n\u00ed \u0161kody zp\u016fsoben\u00e9 pachatelem trestn\u00e9ho \u010dinu.<\/p>\n","protected":false},"author":1,"featured_media":170,"parent":0,"menu_order":0,"comment_status":"closed","ping_status":"closed","template":"","meta":{"footnotes":""},"class_list":["post-127","page","type-page","status-publish","has-post-thumbnail","hentry"],"_links":{"self":[{"href":"https:\/\/cech-toul.cz\/index.php?rest_route=\/wp\/v2\/pages\/127","targetHints":{"allow":["GET"]}}],"collection":[{"href":"https:\/\/cech-toul.cz\/index.php?rest_route=\/wp\/v2\/pages"}],"about":[{"href":"https:\/\/cech-toul.cz\/index.php?rest_route=\/wp\/v2\/types\/page"}],"author":[{"embeddable":true,"href":"https:\/\/cech-toul.cz\/index.php?rest_route=\/wp\/v2\/users\/1"}],"replies":[{"embeddable":true,"href":"https:\/\/cech-toul.cz\/index.php?rest_route=%2Fwp%2Fv2%2Fcomments&post=127"}],"version-history":[{"count":2,"href":"https:\/\/cech-toul.cz\/index.php?rest_route=\/wp\/v2\/pages\/127\/revisions"}],"predecessor-version":[{"id":142,"href":"https:\/\/cech-toul.cz\/index.php?rest_route=\/wp\/v2\/pages\/127\/revisions\/142"}],"wp:featuredmedia":[{"embeddable":true,"href":"https:\/\/cech-toul.cz\/index.php?rest_route=\/wp\/v2\/media\/170"}],"wp:attachment":[{"href":"https:\/\/cech-toul.cz\/index.php?rest_route=%2Fwp%2Fv2%2Fmedia&parent=127"}],"curies":[{"name":"wp","href":"https:\/\/api.w.org\/{rel}","templated":true}]}}