{"id":102,"date":"2022-04-20T22:26:03","date_gmt":"2022-04-20T20:26:03","guid":{"rendered":"http:\/\/cech-toul.cz\/?page_id=102"},"modified":"2022-11-06T11:33:50","modified_gmt":"2022-11-06T10:33:50","slug":"korporatni-pravo","status":"publish","type":"page","link":"https:\/\/cech-toul.cz\/?page_id=102","title":{"rendered":"Korpor\u00e1tn\u00ed pr\u00e1vo"},"content":{"rendered":"\n<p>Ve\u0161ker\u00e1 agenda t\u00fdkaj\u00edc\u00ed se obchodn\u00edch spole\u010dnost\u00ed. Zejm\u00e9na zakl\u00e1d\u00e1n\u00ed obchodn\u00edch spole\u010dnost\u00ed a dru\u017estev, \u00faprava vztah\u016f mezi spole\u010dn\u00edky, p\u0159evody obchodn\u00edch pod\u00edl\u016f, p\u0159em\u011bny spole\u010dnost\u00ed. P\u0159\u00edprava smluvn\u00ed dokumentace a korpor\u00e1tn\u00edch souhlas\u016f. Zastupov\u00e1n\u00ed v rejst\u0159\u00edkov\u00e9m \u0159\u00edzen\u00ed. Organizace valn\u00fdch hromad. Poradenstv\u00ed p\u0159i spr\u00e1v\u011b a \u0159\u00edzen\u00ed spole\u010dnost\u00ed.<\/p>\n","protected":false},"excerpt":{"rendered":"<p>Ve\u0161ker\u00e1 agenda t\u00fdkaj\u00edc\u00ed se obchodn\u00edch spole\u010dnost\u00ed. Zejm\u00e9na zakl\u00e1d\u00e1n\u00ed obchodn\u00edch spole\u010dnost\u00ed a dru\u017estev, \u00faprava vztah\u016f mezi spole\u010dn\u00edky, p\u0159evody obchodn\u00edch pod\u00edl\u016f, p\u0159em\u011bny spole\u010dnost\u00ed. P\u0159\u00edprava smluvn\u00ed dokumentace a korpor\u00e1tn\u00edch souhlas\u016f. Zastupov\u00e1n\u00ed v rejst\u0159\u00edkov\u00e9m \u0159\u00edzen\u00ed. Organizace valn\u00fdch hromad. Poradenstv\u00ed p\u0159i spr\u00e1v\u011b a \u0159\u00edzen\u00ed spole\u010dnost\u00ed.<\/p>\n","protected":false},"author":1,"featured_media":170,"parent":0,"menu_order":0,"comment_status":"closed","ping_status":"closed","template":"","meta":{"footnotes":""},"class_list":["post-102","page","type-page","status-publish","has-post-thumbnail","hentry"],"_links":{"self":[{"href":"https:\/\/cech-toul.cz\/index.php?rest_route=\/wp\/v2\/pages\/102","targetHints":{"allow":["GET"]}}],"collection":[{"href":"https:\/\/cech-toul.cz\/index.php?rest_route=\/wp\/v2\/pages"}],"about":[{"href":"https:\/\/cech-toul.cz\/index.php?rest_route=\/wp\/v2\/types\/page"}],"author":[{"embeddable":true,"href":"https:\/\/cech-toul.cz\/index.php?rest_route=\/wp\/v2\/users\/1"}],"replies":[{"embeddable":true,"href":"https:\/\/cech-toul.cz\/index.php?rest_route=%2Fwp%2Fv2%2Fcomments&post=102"}],"version-history":[{"count":1,"href":"https:\/\/cech-toul.cz\/index.php?rest_route=\/wp\/v2\/pages\/102\/revisions"}],"predecessor-version":[{"id":103,"href":"https:\/\/cech-toul.cz\/index.php?rest_route=\/wp\/v2\/pages\/102\/revisions\/103"}],"wp:featuredmedia":[{"embeddable":true,"href":"https:\/\/cech-toul.cz\/index.php?rest_route=\/wp\/v2\/media\/170"}],"wp:attachment":[{"href":"https:\/\/cech-toul.cz\/index.php?rest_route=%2Fwp%2Fv2%2Fmedia&parent=102"}],"curies":[{"name":"wp","href":"https:\/\/api.w.org\/{rel}","templated":true}]}}